{"id":22,"date":"2021-06-28T07:44:22","date_gmt":"2021-06-28T07:44:22","guid":{"rendered":"https:\/\/trieuminh.com\/?page_id=22"},"modified":"2026-04-13T15:08:20","modified_gmt":"2026-04-13T15:08:20","slug":"cong-ty-ky-thuat-cong-nghe-trieu-minh","status":"publish","type":"page","link":"https:\/\/trieuminh.com\/en\/cong-ty-ky-thuat-cong-nghe-trieu-minh\/","title":{"rendered":"ABOUT TRIEU MINH ENGINEERING"},"content":{"rendered":"<section class=\"section dark has-parallax\" id=\"section_1430451269\">\n\t\t<div class=\"bg section-bg fill bg-fill\" data-parallax-container=\".section\" data-parallax-background data-parallax=\"-10\">\n\n\t\t\t\n\t\t\t<div class=\"section-bg-overlay absolute fill\"><\/div>\n\t\t\t\n\n\t\t<\/div>\n\n\t\t<div class=\"section-content relative\">\n\t\t\t\n\t<div id=\"text-2644914159\" class=\"text\">\n\t\t\n<h2 style=\"text-align: center;\" data-section-id=\"schoow\" data-start=\"247\" data-end=\"314\"><span style=\"color: #ffffff;\">TRIEU MING ENGINEERING-PROFESSIONAL MEP CONTRACTOR IN HO CHI MINH CITY<\/span><\/h2>\n<p data-start=\"316\" data-end=\"591\"><span style=\"color: #ffffff;\">Trieu Minh Technology Engineering Co., Ltd. specializes in the design and construction of mechanical and electrical (MEPF) systems for various types of projects, including offices, factories, industrial buildings, F&amp;B chains, shopping malls, office buildings, industrial park infrastructure, and residential areas.<\/span><\/p>\n<p data-start=\"593\" data-end=\"780\"><span style=\"color: #ffffff;\">With practical experience and a team of highly skilled engineers, Trieu Minh Company is committed to providing optimal technical solutions, saving costs, and improving operational efficiency for investors.<\/span><\/p>\n<hr data-start=\"782\" data-end=\"785\" \/>\n<h1 data-section-id=\"cwrq5k\" data-start=\"787\" data-end=\"835\"><span style=\"color: #ffffff;\"><span style=\"background-color: #ffff00;\">\ud83d\udd27<\/span> Comprehensive Mechanical and Electrical System Installation Services<\/span><\/h1>\n<h2 data-section-id=\"bsvrf8\" data-start=\"837\" data-end=\"864\"><span style=\"color: #ffffff;\"><span style=\"background-color: #ffff00;\">\u26a1<\/span> Electrical System Installation<\/span><\/h2>\n<p data-start=\"865\" data-end=\"949\"><span style=\"color: #ffffff;\">Trieu Minh provides electrical and mechanical system construction services, with electrical items including:<img loading=\"lazy\" decoding=\"async\" class=\"wp-image-359 alignright\" src=\"https:\/\/trieuminh.com\/wp-content\/uploads\/2021\/06\/icon2-1.png\" alt=\"\" width=\"142\" height=\"142\" \/><\/span><\/p>\n<ul data-start=\"950\" data-end=\"1057\">\n<li data-section-id=\"1y1mrvx\" data-start=\"950\" data-end=\"976\"><span style=\"color: #ffffff;\">Power electrical system<\/span><\/li>\n<li data-section-id=\"1xropzk\" data-start=\"977\" data-end=\"1000\"><span style=\"color: #ffffff;\">Lighting system<\/span><\/li>\n<li data-section-id=\"1n5pi1g\" data-start=\"1001\" data-end=\"1057\"><span style=\"color: #ffffff;\">Optimal power supply solution, energy saving.<\/span><\/li>\n<\/ul>\n<hr data-start=\"1059\" data-end=\"1062\" \/>\n<h2 data-section-id=\"1rwxhb7\" data-start=\"1064\" data-end=\"1093\"><span style=\"color: #ffffff;\"><span style=\"background-color: #ffff00;\">\ud83d\udce1<\/span> ELV System<\/span><\/h2>\n<ul data-start=\"1094\" data-end=\"1214\">\n<li data-section-id=\"1cuwyfq\" data-start=\"1094\" data-end=\"1120\"><span style=\"color: #ffffff;\">CCTV cameras<\/span><\/li>\n<li data-section-id=\"18f4qm2\" data-start=\"1121\" data-end=\"1152\"><span style=\"color: #ffffff;\">Public address system<\/span><\/li>\n<li data-section-id=\"g7jts8\" data-start=\"1153\" data-end=\"1177\"><span style=\"color: #ffffff;\">LAN network, telephone<\/span><\/li>\n<li data-section-id=\"1f7ch48\" data-start=\"1178\" data-end=\"1214\"><span style=\"color: #ffffff;\">Access control<\/span><\/li>\n<\/ul>\n<hr data-start=\"1216\" data-end=\"1219\" \/>\n<h2 data-section-id=\"1jpo9og\" data-start=\"1221\" data-end=\"1263\"><span style=\"color: #ffffff;\"><span style=\"background-color: #ffff00;\">\ud83c\udfe0<\/span> Smart Home System<\/span><\/h2>\n<p data-start=\"1264\" data-end=\"1310\"><span style=\"color: #ffffff;\">Implementing smart electricity solutions helps to:<\/span><\/p>\n<ul data-start=\"1311\" data-end=\"1389\">\n<li data-section-id=\"3hkyst\" data-start=\"1311\" data-end=\"1335\"><span style=\"color: #ffffff;\">Operational automation<\/span><\/li>\n<li data-section-id=\"c2ylom\" data-start=\"1336\" data-end=\"1365\"><span style=\"color: #ffffff;\">Enhance comfort and safety.<\/span><\/li>\n<li data-section-id=\"1vg0rs3\" data-start=\"1366\" data-end=\"1389\"><span style=\"color: #ffffff;\">Save energy<\/span><\/li>\n<\/ul>\n<hr data-start=\"1391\" data-end=\"1394\" \/>\n<h2 data-section-id=\"1tq7ki9\" data-start=\"1396\" data-end=\"1434\"><span style=\"color: #ffffff;\">\ud83d\udebf Construction of Water Supply and Drainage Systems<\/span><\/h2>\n<p data-start=\"1435\" data-end=\"1515\"><span style=\"color: #ffffff;\">Construction of water supply and drainage systems is one of Trieu Minh's strengths:<\/span><\/p>\n<ul data-start=\"1516\" data-end=\"1611\">\n<li data-section-id=\"rrynx\" data-start=\"1516\" data-end=\"1547\"><span style=\"color: #ffffff;\">Domestic water supply system<img loading=\"lazy\" decoding=\"async\" class=\"wp-image-360 alignright\" src=\"https:\/\/trieuminh.com\/wp-content\/uploads\/2021\/06\/icon3-1.png\" alt=\"\" width=\"147\" height=\"147\" \/><\/span><\/li>\n<li data-section-id=\"14ccwxv\" data-start=\"1548\" data-end=\"1586\"><span style=\"color: #ffffff;\">Wastewater and rainwater drainage system<\/span><\/li>\n<li data-section-id=\"9qyjop\" data-start=\"1587\" data-end=\"1611\"><span style=\"color: #ffffff;\">Install pumps and tanks.<\/span><\/li>\n<li data-section-id=\"9qyjop\" data-start=\"1587\" data-end=\"1611\"><span style=\"color: #ffffff;\">Install heatpumb system.<\/span><\/li>\n<li data-section-id=\"9qyjop\" data-start=\"1587\" data-end=\"1611\"><span style=\"color: #ffffff;\">Solar water heater installation<\/span><\/li>\n<li data-section-id=\"9qyjop\" data-start=\"1587\" data-end=\"1611\"><span style=\"color: #ffffff;\">Installing water supply and drainage pipes for infrastructure.<\/span><\/li>\n<li data-section-id=\"9qyjop\" data-start=\"1587\" data-end=\"1611\"><span style=\"color: #ffffff;\">Construction of Wastewater Treatment Systems<\/span><\/li>\n<\/ul>\n<h2 data-section-id=\"1x5wk8p\" data-start=\"1686\" data-end=\"1731\"><span style=\"color: #ffffff;\"><span style=\"background-color: #ffff00;\">\u2744\ufe0f<\/span> Air Conditioning &amp; Ventilation Installation<\/span><\/h2>\n<p data-start=\"1732\" data-end=\"1795\"><span style=\"color: #ffffff;\">Air conditioning installation services in Trieu Minh include<img loading=\"lazy\" decoding=\"async\" class=\"wp-image-358 alignright\" src=\"https:\/\/trieuminh.com\/wp-content\/uploads\/2021\/06\/icon1-1.png\" alt=\"\" width=\"157\" height=\"157\" \/><\/span><\/p>\n<ul data-start=\"1796\" data-end=\"1949\">\n<li data-section-id=\"1gnxsi\" data-start=\"1796\" data-end=\"1846\"><span style=\"color: #ffffff;\">Central air conditioning system (Chiller, VRV\/VRF)<\/span><\/li>\n<li data-section-id=\"w70adk\" data-start=\"1847\" data-end=\"1866\"><span style=\"color: #ffffff;\">Local air conditioning<\/span><\/li>\n<li data-section-id=\"1w4msr3\" data-start=\"1867\" data-end=\"1916\"><span style=\"color: #ffffff;\">Installation of ventilation systems for factories and buildings.<\/span><\/li>\n<li data-section-id=\"1c9cs6k\" data-start=\"1917\" data-end=\"1949\"><span style=\"color: #ffffff;\">Ventilation and smoke extraction system<\/span><\/li>\n<\/ul>\n<p data-start=\"1951\" data-end=\"2030\"><span style=\"color: #ffffff;\">\ud83d\udc49 The optimal solution for saving energy and improving air quality.<\/span><\/p>\n<hr data-start=\"2032\" data-end=\"2035\" \/>\n<h2 data-section-id=\"1rw7vyz\" data-start=\"2037\" data-end=\"2078\"><span style=\"color: #ffffff;\"><span style=\"background-color: #ffff00;\">\u2600\ufe0f<\/span> Rooftop Solar Energy System<\/span><\/h2>\n<ul data-start=\"2079\" data-end=\"2185\">\n<li data-section-id=\"13yp3eg\" data-start=\"2079\" data-end=\"2125\"><span style=\"color: #ffffff;\">Thi\u1ebft k\u1ebf &amp; thi c\u00f4ng h\u1ec7 th\u1ed1ng NLMT \u00e1p m\u00e1i v\u00e0 solar farm<\/span><\/li>\n<li data-section-id=\"1x8ojoc\" data-start=\"2126\" data-end=\"2160\"><span style=\"color: #ffffff;\">Reduce electricity costs in the long term.<\/span><\/li>\n<li data-section-id=\"ja3i3p\" data-start=\"2161\" data-end=\"2185\"><span style=\"color: #ffffff;\">Increase investment efficiency<\/span><\/li>\n<\/ul>\n<p><span style=\"color: #ffffff;\"><img loading=\"lazy\" decoding=\"async\" class=\"alignnone wp-image-1048\" src=\"https:\/\/trieuminh.com\/wp-content\/uploads\/2026\/03\/SOLAR-1.png\" alt=\"SOLAR SERVICE\" width=\"502\" height=\"274\" srcset=\"https:\/\/trieuminh.com\/wp-content\/uploads\/2026\/03\/SOLAR-1.png 1500w, https:\/\/trieuminh.com\/wp-content\/uploads\/2026\/03\/SOLAR-1-768x419.png 768w\" sizes=\"auto, (max-width: 502px) 100vw, 502px\" \/><\/span><\/p>\n<hr data-start=\"2187\" data-end=\"2190\" \/>\n<h2 data-section-id=\"1ejtlky\" data-start=\"2192\" data-end=\"2234\"><span style=\"color: #ffffff;\"><span style=\"background-color: #ffff00;\">\ud83d\udd25<\/span> Fire Protection and Suppression System (FPS)<\/span><\/h2>\n<ul data-start=\"2235\" data-end=\"2324\">\n<li data-section-id=\"wk8cjb\" data-start=\"2235\" data-end=\"2272\"><span style=\"color: #ffffff;\">Design and installation of fire protection systems<\/span><\/li>\n<li data-section-id=\"r7kixm\" data-start=\"2273\" data-end=\"2324\"><span style=\"color: #ffffff;\">Fully compliant with current standards and regulations.<\/span><\/li>\n<\/ul>\n<hr data-start=\"2326\" data-end=\"2329\" \/>\n<h2 data-section-id=\"pn2o1f\" data-start=\"2331\" data-end=\"2369\"><span style=\"color: #ffffff;\"><span style=\"background-color: #ffff00;\">\ud83d\udee0\ufe0f<\/span> Maintenance and Warranty for MEP Systems<\/span><\/h2>\n<p data-start=\"2370\" data-end=\"2398\"><span style=\"color: #ffffff;\">Trieu Minh provides the following services:<\/span><\/p>\n<ul data-start=\"2399\" data-end=\"2497\">\n<li data-section-id=\"1dklmiw\" data-start=\"2399\" data-end=\"2418\"><span style=\"color: #ffffff;\">Periodic maintenance<\/span><\/li>\n<li data-section-id=\"pk06ri\" data-start=\"2419\" data-end=\"2450\"><span style=\"color: #ffffff;\">Inspect and repair the system.<\/span><\/li>\n<li data-section-id=\"3eb1jl\" data-start=\"2451\" data-end=\"2497\"><span style=\"color: #ffffff;\">Ensure the system operates stably in the long term.<\/span><\/li>\n<\/ul>\n<figure style=\"width: 465px\" class=\"wp-caption alignnone\"><img loading=\"lazy\" decoding=\"async\" title=\"TRIEU MINH ENGINEERING COMPANY\" src=\"https:\/\/trieuminh.com\/wp-content\/uploads\/2021\/06\/bao-tri.png\" alt=\"C\u00d4NG TY K\u1ef8 THU\u1eacT C\u00d4NG NGH\u1ec6 TRI\u1ec0U MINH\" width=\"465\" height=\"310\" \/><figcaption class=\"wp-caption-text\">TRIEU MINH ENGINEERING<\/figcaption><\/figure>\n<h1 data-section-id=\"uw88ev\" data-start=\"2504\" data-end=\"2556\"><span style=\"color: #ffffff;\"><span style=\"background-color: #ffff00;\">\ud83d\udcd0<\/span> Mechanical and Electrical Design \u2013 Optimal Solutions Right from the Start<\/span><\/h1>\n<p data-start=\"2558\" data-end=\"2669\"><span style=\"color: #ffffff;\">Besides constructing mechanical and electrical systems, Trieu Minh Company also specializes in mechanical and electrical design with the following benefits:<\/span><\/p>\n<ul data-start=\"2670\" data-end=\"2766\">\n<li data-section-id=\"jlsslt\" data-start=\"2670\" data-end=\"2695\"><span style=\"color: #ffffff;\">Optimizing investment costs<\/span><\/li>\n<li data-section-id=\"kfzigr\" data-start=\"2696\" data-end=\"2739\"><span style=\"color: #ffffff;\">Reduce unforeseen issues during construction.<\/span><\/li>\n<li data-section-id=\"14cb849\" data-start=\"2740\" data-end=\"2766\"><span style=\"color: #ffffff;\">Increase operational efficiency<\/span><\/li>\n<\/ul>\n<p data-start=\"2768\" data-end=\"2965\"><span style=\"color: #ffffff;\">\ud83d\udc49 Specialy, Trieu Minh offers Design &amp; Build services (turnkey design and construction), helping customers save time and costs, and also provides design cost support when choosing our construction services.<\/span><\/p>\n<hr data-start=\"2967\" data-end=\"2970\" \/>\n<h1 data-section-id=\"10crmuh\" data-start=\"2972\" data-end=\"3009\"><span style=\"color: #ffffff;\"><span style=\"background-color: #ffff00;\">\ud83d\ude80<\/span>STRENGTHS OF TRIEU MINH TECHNOLOGY ENGINEERING COMPANY<\/span><\/h1>\n<h3 data-section-id=\"6ilc7t\" data-start=\"3011\" data-end=\"3039\"><span style=\"color: #ffffff;\">\u2705 Experience &amp; Capabilities<\/span><\/h3>\n<ul data-start=\"3040\" data-end=\"3142\">\n<li data-section-id=\"9pjr4\" data-start=\"3040\" data-end=\"3106\"><span style=\"color: #ffffff;\">We undertake a diverse range of projects, from factories to shopping malls.<\/span><\/li>\n<li data-section-id=\"ujgh4t\" data-start=\"3107\" data-end=\"3142\"><span style=\"color: #ffffff;\">Meets high technical standards.<\/span><\/li>\n<\/ul>\n<h3 data-section-id=\"1pcrby7\" data-start=\"3144\" data-end=\"3171\"><span style=\"color: #ffffff;\">\u2705 Professional team<\/span><\/h3>\n<ul data-start=\"3172\" data-end=\"3233\">\n<li data-section-id=\"1bqv7hg\" data-start=\"3172\" data-end=\"3198\"><span style=\"color: #ffffff;\">Experienced engineers<\/span><\/li>\n<li data-section-id=\"q19ck6\" data-start=\"3199\" data-end=\"3233\"><span style=\"color: #ffffff;\">Work responsibly and creatively.<\/span><\/li>\n<\/ul>\n<h3 data-section-id=\"1fs1iq3\" data-start=\"3235\" data-end=\"3264\"><span style=\"color: #ffffff;\">\u2705 Modern equipment<\/span><\/h3>\n<ul data-start=\"3265\" data-end=\"3341\">\n<li data-section-id=\"61ko5p\" data-start=\"3265\" data-end=\"3309\"><span style=\"color: #ffffff;\">Application of advanced technology and equipment<\/span><\/li>\n<li data-section-id=\"uq7a2n\" data-start=\"3310\" data-end=\"3341\"><span style=\"color: #ffffff;\">Ensuring construction quality<\/span><\/li>\n<\/ul>\n<h3 data-section-id=\"b9n2k0\" data-start=\"3343\" data-end=\"3373\"><span style=\"color: #ffffff;\">\u2705 Cost-effective solution<\/span><\/h3>\n<ul data-start=\"3374\" data-end=\"3434\">\n<li data-section-id=\"1l575nh\" data-start=\"3374\" data-end=\"3405\"><span style=\"color: #ffffff;\">Energy saving advice<\/span><\/li>\n<li data-section-id=\"kzywdv\" data-start=\"3406\" data-end=\"3434\"><span style=\"color: #ffffff;\">Increase investment efficiency<\/span><\/li>\n<\/ul>\n<hr data-start=\"3436\" data-end=\"3439\" \/>\n<h1 data-section-id=\"21qeli\" data-start=\"3441\" data-end=\"3478\"><span style=\"color: #ffffff;\"><span style=\"background-color: #ffff00;\">\ud83d\udcca<\/span> Professional Work Process<\/span><\/h1>\n<p data-start=\"3480\" data-end=\"3530\"><span style=\"color: #ffffff;\">Trieu Minh Company applies scientific processes.<\/span><\/p>\n<ol data-start=\"3531\" data-end=\"3721\">\n<li data-section-id=\"1bku8se\" data-start=\"3531\" data-end=\"3566\"><span style=\"color: #ffffff;\">Survey and assessment of construction projects<\/span><\/li>\n<li data-section-id=\"xmwi41\" data-start=\"3567\" data-end=\"3623\"><span style=\"color: #ffffff;\">Analysis and proposed solutions for electromechanical design.<\/span><\/li>\n<li data-section-id=\"1ojgf0f\" data-start=\"3624\" data-end=\"3648\"><span style=\"color: #ffffff;\">Prepare a cost estimate.<\/span><\/li>\n<li data-section-id=\"1la64x1\" data-start=\"3649\" data-end=\"3694\"><span style=\"color: #ffffff;\">Implementation of the electromechanical system<\/span><\/li>\n<li data-section-id=\"1db30an\" data-start=\"3695\" data-end=\"3721\"><span style=\"color: #ffffff;\">Acceptance and handover<\/span><\/li>\n<\/ol>\n<hr data-start=\"3787\" data-end=\"3790\" \/>\n<h1 data-section-id=\"307im\" data-start=\"3792\" data-end=\"3818\"><span style=\"color: #ffffff;\"><span style=\"background-color: #ffff00;\">\ud83d\udcbc<\/span> Commitment from Trieu Minh Engineering<\/span><\/h1>\n<ul data-start=\"3820\" data-end=\"4017\">\n<li data-section-id=\"oltt8x\" data-start=\"3820\" data-end=\"3857\"><span style=\"color: #ffffff;\">Always put the customer first.<\/span><\/li>\n<li data-section-id=\"7t8ztw\" data-start=\"3858\" data-end=\"3923\"><span style=\"color: #ffffff;\">Providing high-quality mechanical and electrical system installation services.<\/span><\/li>\n<li data-section-id=\"f2zxnb\" data-start=\"3924\" data-end=\"3970\"><span style=\"color: #ffffff;\">Meeting all technical and schedule requirements.<\/span><\/li>\n<li data-section-id=\"9n25sd\" data-start=\"3971\" data-end=\"4017\"><span style=\"color: #ffffff;\">Maximizing customer satisfaction.<\/span><\/li>\n<\/ul>\n<p><span style=\"color: #ffffff;\"><img loading=\"lazy\" decoding=\"async\" class=\"alignnone wp-image-246\" src=\"https:\/\/trieuminh.com\/wp-content\/uploads\/2021\/06\/tai-sao-chon-300x225.jpeg\" alt=\"\" width=\"341\" height=\"256\" srcset=\"https:\/\/trieuminh.com\/wp-content\/uploads\/2021\/06\/tai-sao-chon-300x225.jpeg 300w, https:\/\/trieuminh.com\/wp-content\/uploads\/2021\/06\/tai-sao-chon.jpeg 400w\" sizes=\"auto, (max-width: 341px) 100vw, 341px\" \/><\/span><\/p>\n<hr data-start=\"4019\" data-end=\"4022\" \/>\n<h1 data-section-id=\"1f8eau1\" data-start=\"4024\" data-end=\"4046\"><span style=\"color: #0000ff;\"><span style=\"background-color: #ffff00;\">\ud83d\udcde<\/span><span style=\"background-color: #c0c0c0;\"> Contact Information<\/span><\/span><\/h1>\n<p data-start=\"4048\" data-end=\"4094\"><span style=\"color: #0000ff; background-color: #c0c0c0;\"><strong>TRIEU MINH ENGINEERING COMPANY<\/strong><\/span><\/p>\n<p data-start=\"4096\" data-end=\"4328\"><span style=\"color: #0000ff; background-color: #c0c0c0;\"><strong>\ud83d\udccd Add: 109 Nguyen Thi Nhung, Hiep Binh W, Ho Chi Minh City<\/strong><\/span><br data-start=\"4209\" data-end=\"4212\" \/><span style=\"color: #0000ff; background-color: #c0c0c0;\"><strong>\ud83d\udcde Hotline: 0976.422.223<\/strong><\/span><br data-start=\"4236\" data-end=\"4239\" \/><span style=\"color: #0000ff; background-color: #c0c0c0;\"><strong>\ud83d\udce7 Email: <a style=\"color: #0000ff; background-color: #c0c0c0;\" rel=\"noopener\" data-start=\"4249\" data-end=\"4272\">trieuminh@trieuminh.com<\/a> | <a style=\"color: #0000ff; background-color: #c0c0c0;\" rel=\"noopener\" data-start=\"4275\" data-end=\"4298\">trieu.pvv@trieuminh.com<\/a><\/strong><\/span><br data-start=\"4298\" data-end=\"4301\" \/><span style=\"color: #0000ff; background-color: #c0c0c0;\"><strong>\ud83c\udf10 Website: trieuminh.com<\/strong><\/span><\/p>\n<p><span style=\"color: #0000ff; background-color: #c0c0c0;\">More<\/span><\/p>\n<p><span style=\"color: #0000ff; background-color: #c0c0c0;\"><a style=\"color: #0000ff; background-color: #c0c0c0;\" href=\"https:\/\/trieuminh.com\/en\/dich-vu-co-dien-cong-ty-trieu-minh-cung-cap\/\">MEP Services<\/a><\/span><\/p>\n<p><span style=\"color: #0000ff; background-color: #c0c0c0;\"><a style=\"color: #0000ff; background-color: #c0c0c0;\" title=\"Main MEP contractor Trieu Minh\" href=\"https:\/\/trieuminh.com\/en\/tong-thau-co-dien-mep-design-build\/\">Main MEP contractor Trieu Minh<\/a><\/span><\/p>\n<p><span style=\"color: #0000ff; background-color: #c0c0c0;\"><a style=\"color: #0000ff; background-color: #c0c0c0;\" title=\"Fanpage Tri\u1ec1u Minh\" href=\"https:\/\/www.facebook.com\/profile.php?id=61586129903680\" target=\"_blank\" rel=\"noopener\">Fanpage Tri\u1ec1u Minh<\/a><\/span><\/p>\n<div class=\"blog-share text-center\">\u00a0<\/div>\n\t\t\n<style>\n#text-2644914159 {\n  font-size: 1rem;\n  line-height: 1.5;\n  color: rgb(0,0,0);\n}\n#text-2644914159 > * {\n  color: rgb(0,0,0);\n}\n<\/style>\n\t<\/div>\n\t\n\t\t<\/div>\n\n\t\t\n<style>\n#section_1430451269 {\n  padding-top: 30px;\n  padding-bottom: 30px;\n  background-color: rgb(255,255,255);\n}\n#section_1430451269 .section-bg-overlay {\n  background-color: rgba(0, 0, 0, 0.6);\n}\n#section_1430451269 .section-bg.bg-loaded {\n  background-image: url(https:\/\/trieuminh.com\/wp-content\/uploads\/2026\/03\/buiding.png);\n}\n#section_1430451269 .section-bg {\n  background-position: 51% 57%;\n}\n<\/style>\n\t<\/section>","protected":false},"excerpt":{"rendered":"","protected":false},"author":1,"featured_media":406,"parent":0,"menu_order":0,"comment_status":"closed","ping_status":"closed","template":"page-right-sidebar.php","meta":{"footnotes":""},"class_list":["post-22","page","type-page","status-publish","has-post-thumbnail","hentry"],"_links":{"self":[{"href":"https:\/\/trieuminh.com\/en\/wp-json\/wp\/v2\/pages\/22","targetHints":{"allow":["GET"]}}],"collection":[{"href":"https:\/\/trieuminh.com\/en\/wp-json\/wp\/v2\/pages"}],"about":[{"href":"https:\/\/trieuminh.com\/en\/wp-json\/wp\/v2\/types\/page"}],"author":[{"embeddable":true,"href":"https:\/\/trieuminh.com\/en\/wp-json\/wp\/v2\/users\/1"}],"replies":[{"embeddable":true,"href":"https:\/\/trieuminh.com\/en\/wp-json\/wp\/v2\/comments?post=22"}],"version-history":[{"count":56,"href":"https:\/\/trieuminh.com\/en\/wp-json\/wp\/v2\/pages\/22\/revisions"}],"predecessor-version":[{"id":1544,"href":"https:\/\/trieuminh.com\/en\/wp-json\/wp\/v2\/pages\/22\/revisions\/1544"}],"wp:featuredmedia":[{"embeddable":true,"href":"https:\/\/trieuminh.com\/en\/wp-json\/wp\/v2\/media\/406"}],"wp:attachment":[{"href":"https:\/\/trieuminh.com\/en\/wp-json\/wp\/v2\/media?parent=22"}],"curies":[{"name":"wp","href":"https:\/\/api.w.org\/{rel}","templated":true}]}}